{"id":24,"date":"2016-02-16T12:42:38","date_gmt":"2016-02-16T11:42:38","guid":{"rendered":"http:\/\/localhost:8888\/usr\/?page_id=24"},"modified":"2016-10-13T16:08:27","modified_gmt":"2016-10-13T14:08:27","slug":"kontakt","status":"publish","type":"page","link":"http:\/\/www.urbanschoolruhr.org\/en\/kontakt\/","title":{"rendered":"Contact"},"content":{"rendered":"<p>URBAN SCHOOL RUHR<\/p>\n<p>mail: info@urbanschoolruhr.org<br \/>\ntel: +49(0)163 15 56 540<br \/>\noffice hours:<br \/>\nMo. + Wed. 10.00 &#8211; 14.00<\/p>\n<p>&nbsp;<\/p>\n<p><div class=\"image-container alignnone size-full wp-image-319\"><img loading=\"lazy\" decoding=\"async\" class=\"alignnone size-full wp-image-319\" src=\"http:\/\/www.urbanschoolruhr.org\/wp-content\/uploads\/2016\/02\/stamp1.png\" alt=\"stamp1\" width=\"669\" height=\"503\" srcset=\"http:\/\/www.urbanschoolruhr.org\/wp-content\/uploads\/2016\/02\/stamp1.png 669w, http:\/\/www.urbanschoolruhr.org\/wp-content\/uploads\/2016\/02\/stamp1-300x226.png 300w\" sizes=\"auto, (max-width: 669px) 100vw, 669px\" \/><\/div><\/p>\n<p>&nbsp;<\/p>\n<p>WEBSITE<\/p>\n<p>Design:<br \/>\n<a href=\"http:\/\/www.manuelbuerger.com\/\" target=\"_blank\">The Laboratory of Manuel B\u00fcrger<\/a>, Hendrike Nagel, Manuel B\u00fcrger<\/p>\n<p>Webdevelopment:<br \/>\n<a href=\"http:\/\/philippschaefer.de\/\" target=\"_blank\">Philipp Sch\u00e4fer<\/a><\/p>\n<p>&nbsp;<\/p>\n<p>USR is a complex educational program of the\u00a0<a href=\"http:\/\/raumlabor.net\/open-raumlabor-university\/\" target=\"_blank\">Open Raumlabor University<\/a>\u00a0developed in cooperation with\u00a0<a href=\"http:\/\/www.urbanekuensteruhr.de\/\" target=\"_blank\">Urbane K\u00fcnste Ruhr<\/a><\/p>\n<p><div class=\"image-container size-large wp-image-736 aligncenter\"><img loading=\"lazy\" decoding=\"async\" class=\"size-large wp-image-736 aligncenter\" src=\"http:\/\/www.urbanschoolruhr.org\/wp-content\/uploads\/2016\/02\/logo_ukr-oru_2-1024x512.png\" alt=\"logo_ukr-oru_2\" width=\"1024\" height=\"512\" srcset=\"http:\/\/www.urbanschoolruhr.org\/wp-content\/uploads\/2016\/02\/logo_ukr-oru_2-1024x512.png 1024w, http:\/\/www.urbanschoolruhr.org\/wp-content\/uploads\/2016\/02\/logo_ukr-oru_2-300x150.png 300w, http:\/\/www.urbanschoolruhr.org\/wp-content\/uploads\/2016\/02\/logo_ukr-oru_2-768x384.png 768w, http:\/\/www.urbanschoolruhr.org\/wp-content\/uploads\/2016\/02\/logo_ukr-oru_2.png 1600w\" sizes=\"auto, (max-width: 1024px) 100vw, 1024px\" \/><\/div><\/p>\n<p>IMAGE CREDITS<\/p>\n<p>All images\u00a0 \u00a9raumlabor, except<br \/>\nCLASS 2016:<br \/>\nParis: R-Urban in Colombes, \u00a9<a href=\"http:\/\/www.urbantactics.org\/\" target=\"_blank\">AAA<\/a><br \/>\nMarseille: Halle Puget Project, \u00a9<a href=\"http:\/\/www.collectifetc.com\/\" target=\"_blank\">Collectif Etc<\/a><br \/>\nAthens: <a href=\"https:\/\/www.flickr.com\/photos\/lneprz\/15730202211\/in\/photolist-eZLQh1-7PkRG6-7PkS8F-7PpRRw-7PkSDg-pY2p5X-q7H7ZH-pQxtKA-ne9iRW-pQuryf-ahaZJP-ahaYXP-ahaZ5n-67Tyeg-ahdM2f-ahaXXZ-ahdLqs\" target=\"_blank\">Thessaloniki, Navarinou<\/a>, by <a href=\"https:\/\/www.flickr.com\/photos\/lneprz\/\" target=\"_blank\">Eleni Preza<\/a> under <a href=\"https:\/\/creativecommons.org\/licenses\/by-nc-nd\/2.0\/\" target=\"_blank\">CC BY-NC-ND 2.0<\/a><br \/>\nLiverpool: <a href=\"http:\/\/tinyurl.com\/znspqz3\" target=\"_blank\">Smithdown Road, Liverpool<\/a> by <a href=\"https:\/\/www.flickr.com\/photos\/radarsmum67\/\" target=\"_blank\">Radarsmum67<\/a> under <a href=\"https:\/\/creativecommons.org\/licenses\/by\/2.0\/\" target=\"_blank\">CC BY 2.0<\/a><br \/>\nSPORT:<br \/>\n<a href=\"https:\/\/www.flickr.com\/photos\/seeminglee\/9444806952\" target=\"_blank\">\u6c34\u82b1 Splash (Water blossoms) \/ \u9999\u6e2f\u5927\u5b78\u5b78\u751f\u6703\u5212\u8247\u6703 Rowing Club HKUSU \/ \u9999\u6e2f\u6c34\u4e0a\u9ad4\u80b2\u904b\u52d5\u4e4b\u5f62 Hong Kong Water Sports Forms<\/a> by <a href=\"https:\/\/www.flickr.com\/photos\/seeminglee\/\" target=\"_blank\">See-Ming Lee<\/a> under <a href=\"https:\/\/creativecommons.org\/licenses\/by\/2.0\/\" target=\"_blank\">CC BY 2.0<\/a><\/p>\n<p>IMPRINT<\/p>\n<p>Angaben gem\u00e4\u00df \u00a7 5 TMG:<br \/>\nOpen Raumlabor University e. V. (i.G.)<br \/>\nAm Flutgraben 3<br \/>\n12435 Berlin<br \/>\nTelefon: +49 . 30 . 275 80 882<br \/>\nE-Mail: info@urbanschoolruhr.org<\/p>\n<p>Registereintrag:<br \/>\nEintragung im Vereinsregister. (i.G)<\/p>\n<p>Verantwortlich f\u00fcr den Inhalt nach \u00a7 55 Abs. 2 RStV:<br \/>\nMarkus Bader<\/p>\n<p>Haftungsausschluss (Disclaimer)<\/p>\n<p>Haftung f\u00fcr Inhalte<br \/>\nAls Diensteanbieter sind wir gem\u00e4\u00df \u00a7 7 Abs.1 TMG f\u00fcr eigene Inhalte auf diesen Seiten nach den allgemeinen Gesetzen verantwortlich. Nach \u00a7\u00a7 8 bis 10 TMG sind wir als Diensteanbieter jedoch nicht verpflichtet, \u00fcbermittelte oder gespeicherte fremde Informationen zu \u00fcberwachen oder nach Umst\u00e4nden zu forschen, die auf eine rechtswidrige T\u00e4tigkeit hinweisen. Verpflichtungen zur Entfernung oder Sperrung der Nutzung von Informationen nach den allgemeinen Gesetzen bleiben hiervon unber\u00fchrt. Eine diesbez\u00fcgliche Haftung ist jedoch erst ab dem Zeitpunkt der Kenntnis einer konkreten Rechtsverletzung m\u00f6glich. Bei Bekanntwerden von entsprechenden Rechtsverletzungen werden wir diese Inhalte umgehend entfernen.<br \/>\nHaftung f\u00fcr Links<br \/>\nUnser Angebot enth\u00e4lt Links zu externen Webseiten Dritter, auf deren Inhalte wir keinen Einfluss haben. Deshalb k\u00f6nnen wir f\u00fcr diese fremden Inhalte auch keine Gew\u00e4hr \u00fcbernehmen. F\u00fcr die Inhalte der verlinkten Seiten ist stets der jeweilige Anbieter oder Betreiber der Seiten verantwortlich. Die verlinkten Seiten wurden zum Zeitpunkt der Verlinkung auf m\u00f6gliche Rechtsverst\u00f6\u00dfe \u00fcberpr\u00fcft. Rechtswidrige Inhalte waren zum Zeitpunkt der Verlinkung nicht erkennbar. Eine permanente inhaltliche Kontrolle der verlinkten Seiten ist jedoch ohne konkrete Anhaltspunkte einer Rechtsverletzung nicht zumutbar. Bei Bekanntwerden von Rechtsverletzungen werden wir derartige Links umgehend entfernen.<br \/>\nUrheberrecht<br \/>\nDie durch die Seitenbetreiber erstellten Inhalte und Werke auf diesen Seiten unterliegen dem deutschen Urheberrecht. Die Vervielf\u00e4ltigung, Bearbeitung, Verbreitung und jede Art der Verwertung au\u00dferhalb der Grenzen des Urheberrechtes bed\u00fcrfen der schriftlichen Zustimmung des jeweiligen Autors bzw. Erstellers. Downloads und Kopien dieser Seite sind nur f\u00fcr den privaten, nicht kommerziellen Gebrauch gestattet. Soweit die Inhalte auf dieser Seite nicht vom Betreiber erstellt wurden, werden die Urheberrechte Dritter beachtet. Insbesondere werden Inhalte Dritter als solche gekennzeichnet. Sollten Sie trotzdem auf eine Urheberrechtsverletzung aufmerksam werden, bitten wir um einen entsprechenden Hinweis. Bei Bekanntwerden von Rechtsverletzungen werden wir derartige Inhalte umgehend entfernen.<\/p>\n<p>Datenschutzerkl\u00e4rung:<\/p>\n<p>Datenschutz<br \/>\nDie Betreiber dieser Seiten nehmen den Schutz Ihrer pers\u00f6nlichen Daten sehr ernst. Wir behandeln Ihre personenbezogenen Daten vertraulich und entsprechend der gesetzlichen Datenschutzvorschriften sowie dieser Datenschutzerkl\u00e4rung.<br \/>\nDie Nutzung unserer Webseite ist in der Regel ohne Angabe personenbezogener Daten m\u00f6glich. Soweit auf unseren Seiten personenbezogene Daten (beispielsweise Name, Anschrift oder E-Mail-Adressen) erhoben werden, erfolgt dies, soweit m\u00f6glich, stets auf freiwilliger Basis. Diese Daten werden ohne Ihre ausdr\u00fcckliche Zustimmung nicht an Dritte weitergegeben.<br \/>\nWir weisen darauf hin, dass die Daten\u00fcbertragung im Internet (z.B. bei der Kommunikation per E-Mail) Sicherheitsl\u00fccken aufweisen kann. Ein l\u00fcckenloser Schutz der Daten vor dem Zugriff durch Dritte ist nicht m\u00f6glich.<\/p>\n<p>Auskunft, L\u00f6schung, Sperrung<br \/>\nSie haben jederzeit das Recht auf unentgeltliche Auskunft \u00fcber Ihre gespeicherten personenbezogenen Daten, deren Herkunft und Empf\u00e4nger und den Zweck der Datenverarbeitung sowie ein Recht auf Berichtigung, Sperrung oder L\u00f6schung dieser Daten. Hierzu sowie zu weiteren Fragen zum Thema personenbezogene Daten k\u00f6nnen Sie sich jederzeit unter der im Impressum angegebenen Adresse an uns wenden.<\/p>\n<p>&nbsp;<\/p>","protected":false},"excerpt":{"rendered":"<p>URBAN SCHOOL RUHR mail: info@urbanschoolruhr.org tel: +49(0)163 15 56 540 office hours: Mo. + Wed. 10.00 &#8211; 14.00 &nbsp; &nbsp; WEBSITE Design: The Laboratory of Manuel B\u00fcrger, Hendrike Nagel, Manuel B\u00fcrger Webdevelopment: Philipp Sch\u00e4fer &nbsp; USR is a complex educational program of the\u00a0Open Raumlabor University\u00a0developed in cooperation with\u00a0Urbane K\u00fcnste Ruhr IMAGE CREDITS All images\u00a0 \u00a9raumlabor, [&hellip;]<\/p>\n","protected":false},"author":1,"featured_media":0,"parent":0,"menu_order":0,"comment_status":"closed","ping_status":"closed","template":"","meta":{"footnotes":""},"class_list":["post-24","page","type-page","status-publish","hentry"],"_links":{"self":[{"href":"http:\/\/www.urbanschoolruhr.org\/en\/wp-json\/wp\/v2\/pages\/24","targetHints":{"allow":["GET"]}}],"collection":[{"href":"http:\/\/www.urbanschoolruhr.org\/en\/wp-json\/wp\/v2\/pages"}],"about":[{"href":"http:\/\/www.urbanschoolruhr.org\/en\/wp-json\/wp\/v2\/types\/page"}],"author":[{"embeddable":true,"href":"http:\/\/www.urbanschoolruhr.org\/en\/wp-json\/wp\/v2\/users\/1"}],"replies":[{"embeddable":true,"href":"http:\/\/www.urbanschoolruhr.org\/en\/wp-json\/wp\/v2\/comments?post=24"}],"version-history":[{"count":9,"href":"http:\/\/www.urbanschoolruhr.org\/en\/wp-json\/wp\/v2\/pages\/24\/revisions"}],"predecessor-version":[{"id":739,"href":"http:\/\/www.urbanschoolruhr.org\/en\/wp-json\/wp\/v2\/pages\/24\/revisions\/739"}],"wp:attachment":[{"href":"http:\/\/www.urbanschoolruhr.org\/en\/wp-json\/wp\/v2\/media?parent=24"}],"curies":[{"name":"wp","href":"https:\/\/api.w.org\/{rel}","templated":true}]}}